{"id":168,"date":"2022-03-28T16:40:41","date_gmt":"2022-03-28T14:40:41","guid":{"rendered":"http:\/\/nowa.arspolona.com.pl\/?page_id=168"},"modified":"2023-11-21T13:01:59","modified_gmt":"2023-11-21T12:01:59","slug":"czasopisma-zagraniczne","status":"publish","type":"page","link":"https:\/\/arspolona.com.pl\/?page_id=168","title":{"rendered":"Czasopisma zagraniczne"},"content":{"rendered":"\n<figure class=\"wp-block-image size-full\"><img loading=\"lazy\" decoding=\"async\" width=\"900\" height=\"300\" src=\"http:\/\/nowa.arspolona.com.pl\/wp-content\/uploads\/2023\/02\/journals-2.jpg\" alt=\"\" class=\"wp-image-1090\" srcset=\"https:\/\/arspolona.com.pl\/wp-content\/uploads\/2023\/02\/journals-2.jpg 900w, https:\/\/arspolona.com.pl\/wp-content\/uploads\/2023\/02\/journals-2-300x100.jpg 300w, https:\/\/arspolona.com.pl\/wp-content\/uploads\/2023\/02\/journals-2-768x256.jpg 768w\" sizes=\"auto, (max-width: 900px) 100vw, 900px\" \/><\/figure>\n\n\n\n<p><\/p>\n\n\n\n<p><\/p>\n\n\n\n<p>Dzia\u0142 importu prasy stanowi od pocz\u0105tku istnienia firmy CHZ Ars Polona S.A. wa\u017cny jej element. Zakres naszej dzia\u0142alno\u015bci to g\u0142\u00f3wnie import czasopism naukowych w formie rocznej prenumeraty.<\/p>\n\n\n\n<ul class=\"wp-block-list\">\n<li>Czasopisma prenumerujemy dla wszelkiego rodzaju bibliotek naukowych, instytucji akademickich, firm i os\u00f3b prywatnych.<\/li>\n\n\n\n<li>Corocznie w prenumeracie sprowadzamy na teren Polski kilka tysi\u0119cy tytu\u0142\u00f3w zagranicznych.<\/li>\n\n\n\n<li>Dysponujemy wiedz\u0105 i kompetentnymi pracownikami, dzi\u0119ki czemu klient mo\u017ce by\u0107 pewien, \u017ce zam\u00f3wienie b\u0119dzie realizowane zgodnie z jego wymaganiami.<\/li>\n\n\n\n<li>Naszym atutem s\u0105 wieloletnie dobre kontakty z wydawcami na ca\u0142ym \u015bwiecie, dzi\u0119ki czemu jeste\u015bmy stale na bie\u017c\u0105co i potrafimy sprosta\u0107 niemal ka\u017cdemu zam\u00f3wieniu.<\/li>\n\n\n\n<li>Dokonujemy odpraw celnych nadchodz\u0105cych przesy\u0142ek i za\u0142atwiamy wszelkie formalno\u015bci z tym zwi\u0105zane<\/li>\n<\/ul>\n\n\n\n<p>Przyjmujemy r\u00f3wnie\u017c zam\u00f3wienia na pras\u0119 codzienn\u0105, tygodniki popularne oraz inne zam\u00f3wienia jak: bazy danych, numery archiwalne czasopism zagranicznych, serie ksi\u0105\u017ckowe oraz czasopisma w formie elektronicznej &#8211; organizujemy dost\u0119p online na stronach internetowych wydawc\u00f3w.<\/p>\n\n\n\n<p>Je\u017celi poszukuj\u0105 Pa\u0144stwo solidnego i do\u015bwiadczonego partnera handlowego zapraszamy do nawi\u0105zania kontaktu np. za pomoc\u0105 formularza kontaktowego.<\/p>\n\n\n\n<div class=\"wp-block-group\"><div class=\"wp-block-group__inner-container is-layout-flow wp-block-group-is-layout-flow\">\n<div class=\"wp-block-buttons is-layout-flex wp-block-buttons-is-layout-flex\">\n<div class=\"wp-block-button has-custom-width wp-block-button__width-25 has-custom-font-size has-small-font-size\"><a class=\"wp-block-button__link has-white-color has-text-color has-background wp-element-button\" href=\"http:\/\/nowa.arspolona.com.pl\/index.php\/?page_id=532\/\" style=\"background:linear-gradient(135deg,rgb(1,102,62) 0%,rgb(3,183,117) 100%)\">Formularz kontaktowy<\/a><\/div>\n<\/div>\n<\/div><\/div>\n\n\n\n<p><br><\/p>\n\n\n\n<h5 class=\"wp-block-heading has-text-align-center has-text-color\" style=\"color:#027a4e\"><em><strong>arspolonaConnect<\/strong><\/em><\/h5>\n\n\n\n<p><strong>Zapraszamy do korzystania z serwisu obs\u0142ugi prenumeraty czasopism zagranicznych arspolonaConnect.<\/strong><br>Serwis umo\u017cliwia:<\/p>\n\n\n\n<ul class=\"wp-block-list\">\n<li>znalezienie tytu\u0142u czasopisma, zapoznanie si\u0119 z jego spisem tre\u015bci &#8211;&nbsp;<a href=\"http:\/\/connect.arspolona.com.pl\/index.php?p=bibliografia\"><strong><u>bibliografia<\/u><\/strong><\/a><\/li>\n\n\n\n<li>zapoznanie si\u0119 z wersj\u0105 pe\u0142notekstow\u0105 online czasopisma &#8211;&nbsp;<a href=\"http:\/\/connect.arspolona.com.pl\/index.php?p=prenumerata\"><strong><u>moja prenumerata<\/u><\/strong><\/a><\/li>\n\n\n\n<li>z\u0142o\u017cenie zapytania o cen\u0119, jak r\u00f3wnie\u017c z\u0142o\u017cenie zam\u00f3wienia &#8211;&nbsp;<a href=\"http:\/\/connect.arspolona.com.pl\/index.php?p=bibliografia\"><strong><u>bibliografia<\/u><\/strong><\/a><\/li>\n\n\n\n<li>sprawdzenie statusu realizacji w\u0142asnych zam\u00f3wie\u0144 &#8211;&nbsp;<a href=\"http:\/\/connect.arspolona.com.pl\/index.php?p=prenumerata\"><strong><u>moja prenumerata<\/u><\/strong><\/a><\/li>\n\n\n\n<li>z\u0142o\u017cenie reklamacji &#8211;&nbsp;<a href=\"http:\/\/connect.arspolona.com.pl\/index.php?p=reklamacje\"><strong><u>reklamacje<\/u><\/strong><\/a><\/li>\n<\/ul>\n\n\n\n<p class=\"has-text-align-center\"><a href=\"http:\/\/nowyconnect.arspolona.com.pl\/\"><strong><u>Wej\u015bcie<\/u><\/strong><\/a><\/p>\n","protected":false},"excerpt":{"rendered":"<p>Dzia\u0142 importu prasy stanowi od pocz\u0105tku istnienia firmy CHZ Ars Polona S.A. wa\u017cny jej element. Zakres naszej dzia\u0142alno\u015bci to g\u0142\u00f3wnie import czasopism naukowych w formie rocznej prenumeraty. Przyjmujemy r\u00f3wnie\u017c zam\u00f3wienia na pras\u0119 codzienn\u0105, tygodniki popularne oraz inne zam\u00f3wienia jak: bazy danych, numery archiwalne czasopism zagranicznych, serie ksi\u0105\u017ckowe oraz czasopisma w formie elektronicznej &#8211; organizujemy dost\u0119p online na stronach internetowych wydawc\u00f3w. Je\u017celi poszukuj\u0105 Pa\u0144stwo solidnego i do\u015bwiadczonego partnera handlowego zapraszamy do nawi\u0105zania kontaktu np. za pomoc\u0105 formularza kontaktowego. arspolonaConnect Zapraszamy do korzystania z serwisu obs\u0142ugi prenumeraty czasopism zagranicznych arspolonaConnect.Serwis umo\u017cliwia: Wej\u015bcie<\/p>\n","protected":false},"author":1,"featured_media":0,"parent":23,"menu_order":0,"comment_status":"closed","ping_status":"closed","template":"","meta":{"footnotes":""},"class_list":["post-168","page","type-page","status-publish","hentry"],"_links":{"self":[{"href":"https:\/\/arspolona.com.pl\/index.php?rest_route=\/wp\/v2\/pages\/168","targetHints":{"allow":["GET"]}}],"collection":[{"href":"https:\/\/arspolona.com.pl\/index.php?rest_route=\/wp\/v2\/pages"}],"about":[{"href":"https:\/\/arspolona.com.pl\/index.php?rest_route=\/wp\/v2\/types\/page"}],"author":[{"embeddable":true,"href":"https:\/\/arspolona.com.pl\/index.php?rest_route=\/wp\/v2\/users\/1"}],"replies":[{"embeddable":true,"href":"https:\/\/arspolona.com.pl\/index.php?rest_route=%2Fwp%2Fv2%2Fcomments&post=168"}],"version-history":[{"count":15,"href":"https:\/\/arspolona.com.pl\/index.php?rest_route=\/wp\/v2\/pages\/168\/revisions"}],"predecessor-version":[{"id":1111,"href":"https:\/\/arspolona.com.pl\/index.php?rest_route=\/wp\/v2\/pages\/168\/revisions\/1111"}],"up":[{"embeddable":true,"href":"https:\/\/arspolona.com.pl\/index.php?rest_route=\/wp\/v2\/pages\/23"}],"wp:attachment":[{"href":"https:\/\/arspolona.com.pl\/index.php?rest_route=%2Fwp%2Fv2%2Fmedia&parent=168"}],"curies":[{"name":"wp","href":"https:\/\/api.w.org\/{rel}","templated":true}]}}