{"id":170,"date":"2022-03-28T16:40:59","date_gmt":"2022-03-28T14:40:59","guid":{"rendered":"http:\/\/nowa.arspolona.com.pl\/?page_id=170"},"modified":"2023-11-21T13:01:32","modified_gmt":"2023-11-21T12:01:32","slug":"ksiazki-zagraniczne","status":"publish","type":"page","link":"https:\/\/arspolona.com.pl\/?page_id=170","title":{"rendered":"Ksi\u0105\u017cki zagraniczne"},"content":{"rendered":"\n<figure class=\"wp-block-image size-full\"><img loading=\"lazy\" decoding=\"async\" width=\"900\" height=\"300\" src=\"http:\/\/nowa.arspolona.com.pl\/wp-content\/uploads\/2023\/02\/wydawnictwa-1.jpg\" alt=\"\" class=\"wp-image-1099\" srcset=\"https:\/\/arspolona.com.pl\/wp-content\/uploads\/2023\/02\/wydawnictwa-1.jpg 900w, https:\/\/arspolona.com.pl\/wp-content\/uploads\/2023\/02\/wydawnictwa-1-300x100.jpg 300w, https:\/\/arspolona.com.pl\/wp-content\/uploads\/2023\/02\/wydawnictwa-1-768x256.jpg 768w\" sizes=\"auto, (max-width: 900px) 100vw, 900px\" \/><\/figure>\n\n\n\n<p><\/p>\n\n\n\n<p>Ars Polona S.A. od niemal 70 lat zajmuje si\u0119 importem ksi\u0105\u017cek naukowych i popularnych, kt\u00f3re dostarczamy do instytucji rz\u0105dowych i parlamentarnych, najwi\u0119kszych bibliotek akademickich, instytut\u00f3w naukowych i badawczych, przedsi\u0119biorstw handlowych oraz firm i os\u00f3b prywatnych w ca\u0142ej Polsce.<\/p>\n\n\n\n<p>Przyjmujemy zam\u00f3wienia na ksi\u0105\u017cki wi\u0119kszo\u015b\u0107 publikacji dost\u0119pnych na \u015bwiatowym rynku wydawniczym i jeste\u015bmy w stanie zaoferowa\u0107 je po atrakcyjnych cenach sprzeda\u017cy.<\/p>\n\n\n\n<p>Mamy d\u0142ugoletnie do\u015bwiadczenie i szerokie kontakty z bran\u017c\u0105 wydawnicz\u0105 na ca\u0142ym \u015bwiecie, a naszymi partnerami handlowymi s\u0105 wiod\u0105ce zagraniczne oficyny wydawnicze: Springer, Elsevier, Cambridge University Press, Oxford University Press, Brill, Sage, Taylor &amp; Francis i wiele innych.<\/p>\n\n\n\n<p>Jeste\u015bmy dystrybutorem publikacji takich organizacji mi\u0119dzynarodowych jak: Council of Europe, EUR-OP, World Bank, OECD, WHO, FAO, UNESCO.<\/p>\n\n\n\n<p>Zajmujemy si\u0119 r\u00f3wnie\u017c dzia\u0142alno\u015bci\u0105 promocyjn\u0105:<\/p>\n\n\n\n<ul class=\"wp-block-list\">\n<li>organizujemy&nbsp; wystawy wydawnictw naukowych (mono- lub wielotematyczne) w porozumieniu z bibliotekami uczelnianymi i instytutami naukowymi,<\/li>\n\n\n\n<li>uczestniczymy w szkoleniach, sympozjach, konferencjach, podczas kt\u00f3rych prezentujemy najnowsz\u0105 literatur\u0119 \u015bwiatow\u0105, zwi\u0105zan\u0105 tematycznie z przedmiotem imprezy,<\/li>\n\n\n\n<li>uczestniczymy w targach i wystawach ksi\u0105\u017cki, podczas kt\u00f3rych prezentujemy publikacje wybranych wydawnictw zagranicznych,<\/li>\n\n\n\n<li>prowadzimy sta\u0142\u0105 akcj\u0119 informacyjno-promocyjn\u0105 w r\u00f3\u017cnych formach (oferty, katalogi, poczta elektroniczna).<\/li>\n<\/ul>\n\n\n\n<p>Udzielamy informacji bibliograficznych i cenowych w oparciu o stale aktualizowane bazy danych. Na \u017cyczenie Klient\u00f3w wykonujemy pe\u0142n\u0105 wycen\u0119 koszt\u00f3w realizacji sk\u0142adanych zam\u00f3wie\u0144.<br><br>Nie pozostawiamy Klienta pozbawionego mo\u017cliwo\u015bci nabycia wybranego tytu\u0142u \u2013 na Jego \u017cyczenie poszukujemy ksi\u0105\u017cki wyczerpanej, trudno dost\u0119pnej, korzystaj\u0105c z mo\u017cliwo\u015bci zakup\u00f3w antykwarycznych.<\/p>\n\n\n\n<p>Je\u017celi poszukuj\u0105 Pa\u0144stwo solidnego i do\u015bwiadczonego partnera handlowego lub potrzebuj\u0105 Pa\u0144stwo wyceny konkretnej ksi\u0105\u017cki, zapraszamy do sk\u0142adania zapyta\u0144 za pomoc\u0105 formularza kontaktowego.<\/p>\n\n\n\n<div class=\"wp-block-group\"><div class=\"wp-block-group__inner-container is-layout-flow wp-block-group-is-layout-flow\">\n<div class=\"wp-block-buttons is-layout-flex wp-block-buttons-is-layout-flex\">\n<div class=\"wp-block-button has-custom-width wp-block-button__width-25 has-custom-font-size has-small-font-size\"><a class=\"wp-block-button__link has-white-color has-text-color has-background wp-element-button\" href=\"http:\/\/nowa.arspolona.com.pl\/index.php\/?page_id=532\/\" style=\"background:linear-gradient(135deg,rgb(1,102,62) 0%,rgb(3,183,117) 100%)\">Formularz kontaktowy<\/a><\/div>\n<\/div>\n<\/div><\/div>\n","protected":false},"excerpt":{"rendered":"<p>Ars Polona S.A. od niemal 70 lat zajmuje si\u0119 importem ksi\u0105\u017cek naukowych i popularnych, kt\u00f3re dostarczamy do instytucji rz\u0105dowych i parlamentarnych, najwi\u0119kszych bibliotek akademickich, instytut\u00f3w naukowych i badawczych, przedsi\u0119biorstw handlowych oraz firm i os\u00f3b prywatnych w ca\u0142ej Polsce. Przyjmujemy zam\u00f3wienia na ksi\u0105\u017cki wi\u0119kszo\u015b\u0107 publikacji dost\u0119pnych na \u015bwiatowym rynku wydawniczym i jeste\u015bmy w stanie zaoferowa\u0107 je po atrakcyjnych cenach sprzeda\u017cy. Mamy d\u0142ugoletnie do\u015bwiadczenie i szerokie kontakty z bran\u017c\u0105 wydawnicz\u0105 na ca\u0142ym \u015bwiecie, a naszymi partnerami handlowymi s\u0105 wiod\u0105ce zagraniczne oficyny wydawnicze: Springer, Elsevier, Cambridge University Press, Oxford University Press, Brill, Sage, Taylor &amp; Francis i wiele innych. Jeste\u015bmy dystrybutorem publikacji takich organizacji mi\u0119dzynarodowych jak: Council of Europe, EUR-OP, World Bank, OECD, WHO, FAO, UNESCO. Zajmujemy si\u0119 r\u00f3wnie\u017c dzia\u0142alno\u015bci\u0105 promocyjn\u0105: Udzielamy informacji bibliograficznych i cenowych w oparciu o stale aktualizowane bazy danych. Na \u017cyczenie Klient\u00f3w wykonujemy pe\u0142n\u0105 wycen\u0119 koszt\u00f3w realizacji sk\u0142adanych zam\u00f3wie\u0144. Nie pozostawiamy Klienta pozbawionego mo\u017cliwo\u015bci nabycia wybranego tytu\u0142u \u2013 na Jego \u017cyczenie poszukujemy ksi\u0105\u017cki wyczerpanej, trudno dost\u0119pnej, korzystaj\u0105c z mo\u017cliwo\u015bci zakup\u00f3w antykwarycznych. Je\u017celi poszukuj\u0105 Pa\u0144stwo solidnego i do\u015bwiadczonego partnera handlowego lub potrzebuj\u0105 Pa\u0144stwo wyceny konkretnej ksi\u0105\u017cki, zapraszamy do sk\u0142adania zapyta\u0144 za pomoc\u0105 formularza kontaktowego.<\/p>\n","protected":false},"author":1,"featured_media":0,"parent":23,"menu_order":0,"comment_status":"closed","ping_status":"closed","template":"","meta":{"footnotes":""},"class_list":["post-170","page","type-page","status-publish","hentry"],"_links":{"self":[{"href":"https:\/\/arspolona.com.pl\/index.php?rest_route=\/wp\/v2\/pages\/170","targetHints":{"allow":["GET"]}}],"collection":[{"href":"https:\/\/arspolona.com.pl\/index.php?rest_route=\/wp\/v2\/pages"}],"about":[{"href":"https:\/\/arspolona.com.pl\/index.php?rest_route=\/wp\/v2\/types\/page"}],"author":[{"embeddable":true,"href":"https:\/\/arspolona.com.pl\/index.php?rest_route=\/wp\/v2\/users\/1"}],"replies":[{"embeddable":true,"href":"https:\/\/arspolona.com.pl\/index.php?rest_route=%2Fwp%2Fv2%2Fcomments&post=170"}],"version-history":[{"count":12,"href":"https:\/\/arspolona.com.pl\/index.php?rest_route=\/wp\/v2\/pages\/170\/revisions"}],"predecessor-version":[{"id":1110,"href":"https:\/\/arspolona.com.pl\/index.php?rest_route=\/wp\/v2\/pages\/170\/revisions\/1110"}],"up":[{"embeddable":true,"href":"https:\/\/arspolona.com.pl\/index.php?rest_route=\/wp\/v2\/pages\/23"}],"wp:attachment":[{"href":"https:\/\/arspolona.com.pl\/index.php?rest_route=%2Fwp%2Fv2%2Fmedia&parent=170"}],"curies":[{"name":"wp","href":"https:\/\/api.w.org\/{rel}","templated":true}]}}