{"id":23,"date":"2022-03-28T12:26:24","date_gmt":"2022-03-28T10:26:24","guid":{"rendered":"http:\/\/nowa.arspolona.com.pl\/?page_id=23"},"modified":"2023-02-12T20:22:55","modified_gmt":"2023-02-12T19:22:55","slug":"oferta","status":"publish","type":"page","link":"https:\/\/arspolona.com.pl\/?page_id=23","title":{"rendered":"Oferta handlowa"},"content":{"rendered":"\n<section class=\"wp-block-query is-layout-flow wp-block-query-is-layout-flow\">\n\n<\/section>\n\n\n\n<p><strong>Eksport i import ksi\u0105\u017cek oraz czasopism<\/strong><\/p>\n\n\n\n<ul class=\"wp-block-list\">\n<li>Eksport polskich czasopism popularnych i naukowych;<\/li>\n\n\n\n<li>Eksport polskich ksi\u0105\u017cek i wydawnictw seryjnych;<\/li>\n\n\n\n<li>Import czasopism naukowych;<\/li>\n\n\n\n<li>Import \u015bwiatowych wydawnictw ksi\u0105\u017ckowych z r\u00f3\u017cnych dziedzin nauki i \u017cycia.<\/li>\n<\/ul>\n\n\n\n<p><strong>Organizacja stoisk na targach ksi\u0105\u017cki<\/strong><\/p>\n\n\n\n<p><strong>Obs\u0142uga zam\u00f3wie\u0144 publicznych<\/strong><\/p>\n\n\n\n<p><\/p>\n","protected":false},"excerpt":{"rendered":"<p>Eksport i import ksi\u0105\u017cek oraz czasopism Organizacja stoisk na targach ksi\u0105\u017cki Obs\u0142uga zam\u00f3wie\u0144 publicznych<\/p>\n","protected":false},"author":1,"featured_media":0,"parent":0,"menu_order":0,"comment_status":"closed","ping_status":"closed","template":"","meta":{"footnotes":""},"class_list":["post-23","page","type-page","status-publish","hentry"],"_links":{"self":[{"href":"https:\/\/arspolona.com.pl\/index.php?rest_route=\/wp\/v2\/pages\/23","targetHints":{"allow":["GET"]}}],"collection":[{"href":"https:\/\/arspolona.com.pl\/index.php?rest_route=\/wp\/v2\/pages"}],"about":[{"href":"https:\/\/arspolona.com.pl\/index.php?rest_route=\/wp\/v2\/types\/page"}],"author":[{"embeddable":true,"href":"https:\/\/arspolona.com.pl\/index.php?rest_route=\/wp\/v2\/users\/1"}],"replies":[{"embeddable":true,"href":"https:\/\/arspolona.com.pl\/index.php?rest_route=%2Fwp%2Fv2%2Fcomments&post=23"}],"version-history":[{"count":35,"href":"https:\/\/arspolona.com.pl\/index.php?rest_route=\/wp\/v2\/pages\/23\/revisions"}],"predecessor-version":[{"id":1062,"href":"https:\/\/arspolona.com.pl\/index.php?rest_route=\/wp\/v2\/pages\/23\/revisions\/1062"}],"wp:attachment":[{"href":"https:\/\/arspolona.com.pl\/index.php?rest_route=%2Fwp%2Fv2%2Fmedia&parent=23"}],"curies":[{"name":"wp","href":"https:\/\/api.w.org\/{rel}","templated":true}]}}