{"id":26,"date":"2022-03-28T12:09:39","date_gmt":"2022-03-28T10:09:39","guid":{"rendered":"http:\/\/nowa.arspolona.com.pl\/?page_id=26"},"modified":"2025-07-30T13:57:53","modified_gmt":"2025-07-30T11:57:53","slug":"kontakt","status":"publish","type":"page","link":"https:\/\/arspolona.com.pl\/?page_id=26","title":{"rendered":"Kontakt"},"content":{"rendered":"\n<div class=\"wp-block-group\"><div class=\"wp-block-group__inner-container is-layout-flow wp-block-group-is-layout-flow\">\n<h2 class=\"wp-block-heading has-medium-font-size\"><strong>Centrala Handlu Zagranicznego Ars Polona S.A.<\/strong><\/h2>\n\n\n\n<p id=\"block-d09d54c8-7d78-48de-891d-8b963893d228\"><strong>ul. Obro\u0144c\u00f3w 25<\/strong><br><strong>03-933 Warszawa<\/strong><\/p>\n\n\n\n<p><strong>S\u0105d Rejestrowy:<\/strong> S\u0105d Rejonowy dla m.st. Warszawy<br><strong>XIII Wydzia\u0142 Gospodarczy KRS<\/strong><br><strong>Nr KRS:<\/strong> 0000043860<br><strong>Wysoko\u015b\u0107 kapita\u0142u zak\u0142adowego:<\/strong> 447150,00 PLN<br><strong>Wysoko\u015b\u0107 kapita\u0142u wp\u0142aconego:<\/strong> 447150,00 PLN<\/p>\n\n\n\n<p><strong>Regon:<\/strong> 010852882<br><strong>NIP:<\/strong> 525-17-00-016<\/p>\n\n\n\n<p><strong>Santander Bank Polska S.A.<\/strong><br><strong>nr konta dla wp\u0142at w PLN:<\/strong> 36 1090 2590 0000 0001 3317 3074<\/p>\n<\/div><\/div>\n\n\n<div id=\"wpgmza_map\" class=\"wpgmza_map\" data-settings='{\"id\":\"1\",\"map_title\":\"Dojazd\",\"map_width\":\"100\",\"map_height\":\"400\",\"map_start_lat\":\"52.2330875\",\"map_start_lng\":\"21.0519907\",\"map_start_location\":\"45.950464398418106,-109.81550500000003\",\"map_start_zoom\":\"14\",\"default_marker\":\"\",\"type\":\"1\",\"alignment\":\"4\",\"directions_enabled\":\"0\",\"styling_enabled\":\"0\",\"styling_json\":\"\",\"active\":\"0\",\"kml\":\"\",\"bicycle\":\"0\",\"traffic\":\"0\",\"dbox\":\"0\",\"dbox_width\":\"\",\"listmarkers\":\"0\",\"listmarkers_advanced\":\"0\",\"filterbycat\":\"0\",\"ugm_enabled\":\"0\",\"ugm_category_enabled\":\"0\",\"fusion\":\"\",\"map_width_type\":\"%\",\"map_height_type\":\"px\",\"mass_marker_support\":\"0\",\"ugm_access\":\"0\",\"order_markers_by\":\"0\",\"order_markers_choice\":\"0\",\"show_user_location\":\"0\",\"default_to\":\"\",\"other_settings\":{\"map_type\":1,\"sl_stroke_color\":\"\",\"sl_fill_color\":\"\",\"sl_stroke_opacity\":\"\",\"sl_fill_opacity\":\"\",\"transport_layer\":false,\"action\":\"wpgmza_save_map\",\"redirect_to\":\"\\\/wp-admin\\\/admin-post.php\",\"map_id\":\"1\",\"http_referer\":\"\\\/wp-admin\\\/admin.php?page=wp-google-maps-menu&amp;amp;action=edit&amp;amp;map_id=1\",\"wpgmza_id\":\"1\",\"wpgmza_start_location\":\"52.2330875,21.0519907\",\"wpgmza_start_zoom\":\"14\",\"wpgmza_theme_data\":\"\",\"store_locator_enabled\":false,\"store_locator_search_area\":\"radial\",\"wpgmza_store_locator_radius_style\":\"legacy\",\"wpgmza_store_locator_default_radius\":\"10\",\"store_locator_auto_area_max_zoom\":\"\",\"store_locator_distance\":false,\"wpgmza_store_locator_position\":false,\"store_locator_show_distance\":false,\"store_locator_category\":false,\"wpgmza_store_locator_use_their_location\":false,\"wpgmza_store_locator_bounce\":false,\"wpgmza_sl_animation\":null,\"wpgmza_store_locator_hide_before_search\":false,\"store_locator_query_string\":\"\",\"store_locator_default_address\":\"\",\"store_locator_name_search\":false,\"store_locator_name_string\":\"\",\"store_locator_not_found_message\":\"\",\"wpgmza_map_align\":\"1\",\"jump_to_nearest_marker_on_initialization\":false,\"automatically_pan_to_users_location\":false,\"override_users_location_zoom_level\":false,\"override_users_location_zoom_levels\":\"\",\"show_distance_from_location\":false,\"map_max_zoom\":\"21\",\"map_min_zoom\":\"0\",\"click_open_link\":false,\"fit_maps_bounds_to_markers\":false,\"fit_maps_bounds_to_markers_after_filtering\":false,\"hide_point_of_interest\":false,\"wpgmza_zoom_on_marker_click\":false,\"wpgmza_zoom_on_marker_click_slider\":\"\",\"close_infowindow_on_map_click\":false,\"disable_lightbox_images\":false,\"use_Raw_Jpeg_Coordinates\":false,\"polygon_labels\":false,\"disable_polygon_info_windows\":false,\"enable_marker_ratings\":false,\"only_load_markers_within_viewport\":false,\"iw_primary_color\":\"#000000\",\"iw_accent_color\":\"#000000\",\"iw_text_color\":\"#000000\",\"wpgmza_listmarkers_by\":\"0\",\"wpgmza_marker_listing_position\":false,\"wpgmza_push_in_map\":false,\"wpgmza_push_in_map_placement\":null,\"wpgmza_push_in_map_width\":\"\",\"wpgmza_push_in_map_height\":\"\",\"zoom_level_on_marker_listing_override\":false,\"zoom_level_on_marker_listing_click\":\"\",\"datatable_no_result_message\":\"\",\"remove_search_box_datables\":false,\"dataTable_pagination_style\":null,\"datatable_search_string\":\"\",\"datatable_result_start\":\"\",\"datatable_result_of\":\"\",\"datatable_result_to\":\"\",\"datatable_result_total\":\"\",\"datatable_result_show\":\"\",\"datatable_result_entries\":\"\",\"wpgmza_savemap\":\"Zapisz map\\u0119 \\u00bb\"}}' data-map-id='1' Data-maps-engine='open-layers' data-shortcode-attributes='{\"id\":\"1\"}' style=\"display:block; overflow:auto; width:100%; height:400px; float:left;\"><\/div>\n\n\n<div style=\"height:30px\" aria-hidden=\"true\" class=\"wp-block-spacer\"><\/div>\n\n\n\n<div class=\"wp-block-group\"><div class=\"wp-block-group__inner-container is-layout-flow wp-block-group-is-layout-flow\">\n<h2 class=\"wp-block-heading has-medium-font-size\"><strong>Kierownictwo CHZ ARS POLONA S.A<\/strong>.<\/h2>\n\n\n\n<div class=\"wp-block-group\"><div class=\"wp-block-group__inner-container is-layout-flow wp-block-group-is-layout-flow\">\n<hr class=\"wp-block-separator has-text-color has-cyan-bluish-gray-color has-css-opacity has-cyan-bluish-gray-background-color has-background is-style-wide\"\/>\n<\/div><\/div>\n\n\n\n<div class=\"wp-block-group\"><div class=\"wp-block-group__inner-container is-layout-flow wp-block-group-is-layout-flow\"><\/div><\/div>\n\n\n\n<p><\/p>\n\n\n\n<p><strong>Grzegorz Guzowski<\/strong><br>Prezes<br>tel. fax (22) 509 86 10, kom. 503 141 511<br>e-mail: <a href=\"mailto:grzegorz@arspolona.com.pl\">grzegorz@arspolona.com.pl<\/a><\/p>\n\n\n\n<p><strong>Bogus\u0142aw Brzezi\u0144ski<\/strong><br>Wiceprezes<br>tel. +48 512 100 356<br>e-mail: <a href=\"mailto:boguslaw.brzezinski@arspolona.com.pl\">boguslaw.brzezinski@arspolona.com.pl<\/a><\/p>\n\n\n\n<p><\/p>\n<\/div><\/div>\n\n\n\n<div style=\"height:30px\" aria-hidden=\"true\" class=\"wp-block-spacer\"><\/div>\n\n\n\n<div class=\"wp-block-group\"><div class=\"wp-block-group__inner-container is-layout-flow wp-block-group-is-layout-flow\">\n<h2 class=\"wp-block-heading has-medium-font-size\"><strong>Import ksi\u0105\u017cek i prasy<\/strong><\/h2>\n\n\n\n<div class=\"wp-block-group\"><div class=\"wp-block-group__inner-container is-layout-flow wp-block-group-is-layout-flow\">\n<hr class=\"wp-block-separator has-text-color has-cyan-bluish-gray-color has-css-opacity has-cyan-bluish-gray-background-color has-background is-style-wide\"\/>\n<\/div><\/div>\n\n\n\n<p><\/p>\n\n\n\n<p><strong>Adam Kope\u0107<\/strong><br>Kierownik Dzia\u0142u Importu. Prasa i ksi\u0105\u017cki<br>tel. +48 573 149 020, fax (22) 509 86 50<br>e-mail: <a href=\"mailto:adam.kopec@arspolona.com.pl\">adam.kopec@arspolona.com.pl<\/a><\/p>\n\n\n\n<p><strong>Jolanta Go\u0142\u0119biewska<\/strong><br>Import prasy<br>tel. +48 573 149 031, fax (22) 509 86 50<br>e-mail: <a href=\"mailto:jolanta.golebiewska@arspolona.com.pl\">jolanta.golebiewska@arspolona.com.pl<\/a><\/p>\n\n\n\n<p><strong>Sebastian Krawczyk<\/strong><br>Import prasy<br>tel.: +48 573 149 062, fax (22) 509 86 50<br>e-mail: <a href=\"mailto:sebastian.krawczyk@arspolona.com.pl\">sebastian.krawczyk@arspolona.com.pl<\/a><\/p>\n\n\n\n<p><\/p>\n\n\n\n<p><\/p>\n<\/div><\/div>\n\n\n\n<div style=\"height:30px\" aria-hidden=\"true\" class=\"wp-block-spacer\"><\/div>\n\n\n\n<div class=\"wp-block-group\"><div class=\"wp-block-group__inner-container is-layout-flow wp-block-group-is-layout-flow\">\n<h2 class=\"wp-block-heading has-medium-font-size\"><strong>Eksport ksi\u0105\u017cek i prasy<\/strong><\/h2>\n\n\n\n<p><\/p>\n\n\n\n<div class=\"wp-block-group\"><div class=\"wp-block-group__inner-container is-layout-flow wp-block-group-is-layout-flow\">\n<hr class=\"wp-block-separator has-text-color has-cyan-bluish-gray-color has-css-opacity has-cyan-bluish-gray-background-color has-background is-style-wide\"\/>\n<\/div><\/div>\n\n\n\n<p><\/p>\n\n\n\n<p><strong>Agnieszka Morawska<\/strong><br>Eksport prasy &#8211; Kontakty z klientami zagranicznymi<br>tel. +48 573 148 770, fax (22) 509 86 40<br>e-mail: <a href=\"mailto:agnieszka.morawska@arspolona.com.pl\">agnieszka.morawska@arspolona.com.pl<\/a><\/p>\n\n\n\n<p><\/p>\n\n\n\n<p><strong>Hanna Prusi\u0144ska<\/strong><br>Eksport ksi\u0105\u017cek<br>tel. +48 573 149 048, fax (22) 509 86 40<br>e-mail: <a href=\"mailto:hanna.prusinska@arspolona.com.pl\">hanna.prusinska@arspolona.com.pl<\/a><\/p>\n\n\n\n<p><\/p>\n\n\n\n<p><strong>Danuta Feliciak<\/strong><br>Eksport ksi\u0105\u017cek<br>tel. +48 573 149 046<br>e-mail: <a href=\"mailto:danuta.feliciak@arspolona.com.pl\">danuta.feliciak@arspolona.com.pl<\/a><\/p>\n\n\n\n<p><\/p>\n\n\n\n<p><strong>Wojciech Fac<\/strong><br>Zam\u00f3wienia u wydawc\u00f3w i ekspedycja<br>tel. +48 605 820 322, fax (22) 509 86 40<br>e-mail: <a href=\"mailto:wojciech.fac@arspolona.com.pl\">wojciech.fac@arspolona.com.pl<\/a><\/p>\n\n\n\n<p><\/p>\n<\/div><\/div>\n\n\n\n<div style=\"height:30px\" aria-hidden=\"true\" class=\"wp-block-spacer\"><\/div>\n\n\n\n<div class=\"wp-block-group\"><div class=\"wp-block-group__inner-container is-layout-flow wp-block-group-is-layout-flow\">\n<h2 class=\"wp-block-heading has-medium-font-size\"><strong>Dzia\u0142 Finans\u00f3w i Ksi\u0119gowo\u015bci<\/strong><\/h2>\n\n\n\n<div class=\"wp-block-group\"><div class=\"wp-block-group__inner-container is-layout-flow wp-block-group-is-layout-flow\">\n<hr class=\"wp-block-separator has-text-color has-cyan-bluish-gray-color has-css-opacity has-cyan-bluish-gray-background-color has-background is-style-wide\"\/>\n<\/div><\/div>\n\n\n\n<div class=\"wp-block-group\"><div class=\"wp-block-group__inner-container is-layout-flow wp-block-group-is-layout-flow\"><\/div><\/div>\n\n\n\n<p><\/p>\n\n\n\n<div class=\"wp-block-group\"><div class=\"wp-block-group__inner-container is-layout-flow wp-block-group-is-layout-flow\"><\/div><\/div>\n\n\n\n<p><strong>Ksi\u0119gowo\u015b\u0107<\/strong><br>tel. +48 605 075 976, 605 136 680<\/p>\n<\/div><\/div>\n\n\n\n<div style=\"height:30px\" aria-hidden=\"true\" class=\"wp-block-spacer\"><\/div>\n\n\n\n<div class=\"wp-block-group\"><div class=\"wp-block-group__inner-container is-layout-flow wp-block-group-is-layout-flow\">\n<h2 class=\"wp-block-heading has-medium-font-size\"><strong>Dzia\u0142 Kadr i Organizacji<\/strong><\/h2>\n\n\n\n<div class=\"wp-block-group\"><div class=\"wp-block-group__inner-container is-layout-flow wp-block-group-is-layout-flow\">\n<hr class=\"wp-block-separator has-text-color has-cyan-bluish-gray-color has-css-opacity has-cyan-bluish-gray-background-color has-background is-style-wide\"\/>\n<\/div><\/div>\n\n\n\n<p>tel. +48 (22) 509 86 00<br>e-mail: <a href=\"mailto:zofia.lasocka@arspolona.com.pl\" data-type=\"mailto\" data-id=\"mailto:zofia.lasocka@arspolona.com.pl\">sekretariat@arspolona.com.pl<\/a><\/p>\n<\/div><\/div>\n\n\n\n<div style=\"height:30px\" aria-hidden=\"true\" class=\"wp-block-spacer\"><\/div>\n\n\n\n<div class=\"wp-block-group\"><div class=\"wp-block-group__inner-container is-layout-flow wp-block-group-is-layout-flow\">\n<h2 class=\"wp-block-heading has-medium-font-size\"><strong>Samodzielne stanowisko. ds. informatyki, administracja<\/strong><\/h2>\n\n\n\n<div class=\"wp-block-group\"><div class=\"wp-block-group__inner-container is-layout-flow wp-block-group-is-layout-flow\">\n<hr class=\"wp-block-separator has-text-color has-cyan-bluish-gray-color has-css-opacity has-cyan-bluish-gray-background-color has-background is-style-wide\"\/>\n<\/div><\/div>\n\n\n\n<p><strong>Bogus\u0142aw Brzezi\u0144ski<\/strong><br>tel. kom: 512 100 356, fax (22) 509 86 40<br>e-mail: <a href=\"mailto:boguslaw.brzezinski@arspolona.com.pl\">boguslaw.brzezinski@arspolona.com.pl<\/a><\/p>\n<\/div><\/div>\n","protected":false},"excerpt":{"rendered":"<p>Centrala Handlu Zagranicznego Ars Polona S.A. ul. Obro\u0144c\u00f3w 2503-933 Warszawa S\u0105d Rejestrowy: S\u0105d Rejonowy dla m.st. WarszawyXIII Wydzia\u0142 Gospodarczy KRSNr KRS: 0000043860Wysoko\u015b\u0107 kapita\u0142u zak\u0142adowego: 447150,00 PLNWysoko\u015b\u0107 kapita\u0142u wp\u0142aconego: 447150,00 PLN Regon: 010852882NIP: 525-17-00-016 Santander Bank Polska S.A.nr konta dla wp\u0142at w PLN: 36 1090 2590 0000 0001 3317 3074 Kierownictwo CHZ ARS POLONA S.A. Grzegorz GuzowskiPrezestel. fax (22) 509 86 10, kom. 503 141 511e-mail: grzegorz@arspolona.com.pl Bogus\u0142aw Brzezi\u0144skiWiceprezestel. +48 512 100 356e-mail: boguslaw.brzezinski@arspolona.com.pl Import ksi\u0105\u017cek i prasy Adam Kope\u0107Kierownik Dzia\u0142u Importu. Prasa i ksi\u0105\u017ckitel. +48 573 149 020, fax (22) 509 86 50e-mail: adam.kopec@arspolona.com.pl Jolanta Go\u0142\u0119biewskaImport prasytel. +48 573 149 031, fax (22) 509 86 50e-mail: jolanta.golebiewska@arspolona.com.pl Sebastian KrawczykImport prasytel.: +48 573 149 062, fax (22) 509 86 50e-mail: sebastian.krawczyk@arspolona.com.pl Eksport ksi\u0105\u017cek i prasy Agnieszka MorawskaEksport prasy &#8211; Kontakty z klientami zagranicznymitel. +48 573 148 770, fax (22) 509 86 40e-mail: agnieszka.morawska@arspolona.com.pl Hanna Prusi\u0144skaEksport ksi\u0105\u017cektel. +48 573 149 048, fax (22) 509 86 40e-mail: hanna.prusinska@arspolona.com.pl Danuta FeliciakEksport ksi\u0105\u017cektel. +48 573 149 046e-mail: danuta.feliciak@arspolona.com.pl Wojciech FacZam\u00f3wienia u wydawc\u00f3w i ekspedycjatel. +48 605 820 322, fax (22) 509 86 40e-mail: wojciech.fac@arspolona.com.pl Dzia\u0142 Finans\u00f3w i Ksi\u0119gowo\u015bci Ksi\u0119gowo\u015b\u0107tel. +48 605 075 976, 605 136 680 Dzia\u0142 Kadr i Organizacji tel. +48 (22) 509 86 00e-mail: sekretariat@arspolona.com.pl Samodzielne stanowisko. ds. informatyki, administracja Bogus\u0142aw Brzezi\u0144skitel. kom: 512 100 356, fax (22) 509 86 40e-mail: boguslaw.brzezinski@arspolona.com.pl<\/p>\n","protected":false},"author":1,"featured_media":0,"parent":0,"menu_order":0,"comment_status":"closed","ping_status":"closed","template":"","meta":{"footnotes":""},"class_list":["post-26","page","type-page","status-publish","hentry"],"_links":{"self":[{"href":"https:\/\/arspolona.com.pl\/index.php?rest_route=\/wp\/v2\/pages\/26","targetHints":{"allow":["GET"]}}],"collection":[{"href":"https:\/\/arspolona.com.pl\/index.php?rest_route=\/wp\/v2\/pages"}],"about":[{"href":"https:\/\/arspolona.com.pl\/index.php?rest_route=\/wp\/v2\/types\/page"}],"author":[{"embeddable":true,"href":"https:\/\/arspolona.com.pl\/index.php?rest_route=\/wp\/v2\/users\/1"}],"replies":[{"embeddable":true,"href":"https:\/\/arspolona.com.pl\/index.php?rest_route=%2Fwp%2Fv2%2Fcomments&post=26"}],"version-history":[{"count":44,"href":"https:\/\/arspolona.com.pl\/index.php?rest_route=\/wp\/v2\/pages\/26\/revisions"}],"predecessor-version":[{"id":1183,"href":"https:\/\/arspolona.com.pl\/index.php?rest_route=\/wp\/v2\/pages\/26\/revisions\/1183"}],"wp:attachment":[{"href":"https:\/\/arspolona.com.pl\/index.php?rest_route=%2Fwp%2Fv2%2Fmedia&parent=26"}],"curies":[{"name":"wp","href":"https:\/\/api.w.org\/{rel}","templated":true}]}}