{"id":730,"date":"2022-04-07T14:55:25","date_gmt":"2022-04-07T12:55:25","guid":{"rendered":"http:\/\/nowa.arspolona.com.pl\/?page_id=730"},"modified":"2023-11-22T08:59:59","modified_gmt":"2023-11-22T07:59:59","slug":"polityka-prywatnosci-2","status":"publish","type":"page","link":"https:\/\/arspolona.com.pl\/?page_id=730","title":{"rendered":"Polityka prywatno\u015bci"},"content":{"rendered":"\n<h2 class=\"wp-block-heading\" style=\"font-size:24px\"><strong>Polityka bezpiecze\u0144stwa<\/strong><\/h2>\n\n\n\n<hr class=\"wp-block-separator has-css-opacity is-style-wide\"\/>\n\n\n\n<ol class=\"wp-block-list\">\n<li>Serwis zbiera w spos\u00f3b automatyczny tylko informacje zawarte w plikach cookies.<\/li>\n\n\n\n<li>Pliki (cookies) s\u0105 plikami tekstowymi, kt\u00f3re przechowywane s\u0105 w urz\u0105dzeniu ko\u0144cowym u\u017cytkownika serwisu. Przeznaczone s\u0105 do korzystania ze stron serwisu. Przede wszystkim zawieraj\u0105 nazw\u0119 strony internetowej swojego pochodzenia, sw\u00f3j unikalny numer, czas przechowywania na urz\u0105dzeniu ko\u0144cowym.<\/li>\n\n\n\n<li>Operator serwisu , CHZ ARS POLONA SA, jest podmiotem zamieszczaj\u0105cym na urz\u0105dzeniu ko\u0144cowym swojego u\u017cytkownika pliki cookies oraz maj\u0105cym do nich dost\u0119p.<\/li>\n\n\n\n<li>Operator serwisu wykorzystuje pliki (cookies) w celu przygotowywania statystyk pomagaj\u0105cych poznaniu preferencji i zachowa\u0144 u\u017cytkownik\u00f3w, analiza tych statystyk jest anonimowa i umo\u017cliwia dostosowanie zawarto\u015bci i wygl\u0105du serwisu do panuj\u0105cych trend\u00f3w, statystyki stosuje si\u0119 te\u017c do:\n<ul class=\"wp-block-list\">\n<li>oceny popularno\u015bci strony<\/li>\n\n\n\n<li>mo\u017cliwo\u015bci logowania do serwisu<\/li>\n\n\n\n<li>utrzymania logowania u\u017cytkownika na ka\u017cdej kolejnej stronie serwisu<\/li>\n<\/ul>\n<\/li>\n\n\n\n<li>Serwis stosuje dwa zasadnicze rodzaje plik\u00f3w (cookies) \u2013 sesyjne i sta\u0142e. Pliki sesyjne s\u0105 tymczasowe, przechowuje si\u0119 je do momentu opuszczenia strony serwisu (poprzez wej\u015bcie na inn\u0105 stron\u0119, wylogowanie lub wy\u0142\u0105czenie przegl\u0105darki). Pliki sta\u0142e przechowywane s\u0105 w urz\u0105dzeniu ko\u0144cowym u\u017cytkownika do czasu ich usuni\u0119cia przez u\u017cytkownika lub przez czas wynikaj\u0105cy z ich ustawie\u0144.<\/li>\n\n\n\n<li>U\u017cytkownik mo\u017ce w ka\u017cdej chwili dokona\u0107 zmiany ustawie\u0144 swojej przegl\u0105darki, aby zablokowa\u0107 obs\u0142ug\u0119 plik\u00f3w (cookies) lub ka\u017cdorazowo uzyskiwa\u0107 informacje o ich umieszczeniu w swoim urz\u0105dzeniu. Inne dost\u0119pne opcje mo\u017cna sprawdzi\u0107 w ustawieniach swojej przegl\u0105darki internetowej. Nale\u017cy pami\u0119ta\u0107, \u017ce wi\u0119kszo\u015b\u0107 przegl\u0105darek domy\u015blnie jest ustawione na akceptacj\u0119 zapisu plik\u00f3w (cookies)w urz\u0105dzeniu ko\u0144cowym.<\/li>\n\n\n\n<li>Operator Serwisu informuje, \u017ce zmiany ustawie\u0144 w przegl\u0105darce internetowej u\u017cytkownika mog\u0105 ograniczy\u0107 dost\u0119p do niekt\u00f3rych funkcji strony internetowej serwisu.<\/li>\n\n\n\n<li>Informacje dotycz\u0105ce ustawie\u0144 przegl\u0105darek internetowych dost\u0119pne s\u0105 w jej menu (pomoc) lub na stronie jej producenta.<\/li>\n<\/ol>\n\n\n\n<h2 class=\"wp-block-heading\" style=\"font-size:24px\"><strong>Klauzula informacyjna<\/strong><\/h2>\n\n\n\n<hr class=\"wp-block-separator has-css-opacity is-style-wide\"\/>\n\n\n\n<ol class=\"wp-block-list\">\n<li>Administratorem Pana\/Pani danych osobowych jest CHZ ARS POLONA SA, z siedzib\u0105 w Warszawie, przy ul. Obro\u0144c\u00f3w 25. NIP: 525-17-00-016<br>Mo\u017ce si\u0119 Pan\/Pani z nim skontaktowa\u0107 drog\u0105 elektroniczn\u0105 na adres e-mail; bogdanb@arspolona.com.pl, lub telefonicznie pod numerem 22&nbsp;509 86 00 lub tradycyjn\u0105 poczt\u0105 na adres wskazany powy\u017cej.<\/li>\n\n\n\n<li>Pana\/Pani dane osobowe, dotyczy wyl\u0105cznie klient\u00f3w sklepu internetowego lub newslettera, b\u0119d\u0105 przetwarzane w celu marketingowym. Przetwarzanie to jest niezb\u0119dne do cel\u00f3w wynikaj\u0105cych z prawnie uzasadnionych interes\u00f3w realizowanych przez CHZ ARS POLONA SA. Przetwarzanie danych osobowych obejmuje nast\u0119puj\u0105ce kategorie Pani&nbsp;\/&nbsp;Pana danych: imi\u0119 i nazwisko, dane kontaktowe.<\/li>\n\n\n\n<li>W niekt\u00f3rych sytuacjach Pana\/Pani dane osobowe mog\u0105 by\u0107 udost\u0119pniane, je\u015bli b\u0119dzie to konieczne do wykonywania naszych us\u0142ug. B\u0119dziemy przekazywa\u0107 dane wy\u0142\u0105cznie trzem grupom:\n<ul class=\"wp-block-list\">\n<li>osobom upowa\u017cnionym przez nas, naszym pracownikom i wsp\u00f3\u0142pracownikom, kt\u00f3rzy musz\u0105 mie\u0107 dost\u0119p do danych, aby wykonywa\u0107 swoje obowi\u0105zki,<\/li>\n\n\n\n<li>podmiotom przetwarzaj\u0105cym, kt\u00f3rym zlecimy przetwarzanie Pana\/Pani danych,<\/li>\n\n\n\n<li>innym odbiorcom danych, np. kurierom, bankom, ubezpieczycielom, kancelariom prawnym, sp\u00f3\u0142kom z naszej grupy kapita\u0142owej.<\/li>\n<\/ul>\n<\/li>\n\n\n\n<li>Pana\/Pani dane osobowe b\u0119d\u0105 przechowywane przez okres przedawnienia roszcze\u0144 \u2013 10 lat.<\/li>\n\n\n\n<li>Ma Pan\/Pani prawo dost\u0119pu do swoich danych, ich sprostowania, usuni\u0119cia lub ograniczenia przetwarzania.<\/li>\n\n\n\n<li>Ma Pan\/Pani prawo wniesienia sprzeciwu wobec przetwarzania.<\/li>\n\n\n\n<li>Ma Pan\/Pani prawo do cofni\u0119cia zgody w dowolnym momencie. Skorzystanie z prawa do cofni\u0119cia zgody nie ma wp\u0142ywu na przetwarzanie, kt\u00f3re mia\u0142o miejsce do momentu wycofania zgody.<\/li>\n\n\n\n<li>Ma Pan\/Pani tak\u017ce prawo do przenoszenia danych.<\/li>\n\n\n\n<li>Przys\u0142uguje Panu\/Pani prawo wniesienia skargi do Prezesa Urz\u0119du Ochrony Danych Osobowych, gdy stwierdzi Pan\/Pani naruszenie przetwarzania danych osobowych Pana\/Pani dotycz\u0105cych.<\/li>\n\n\n\n<li>Podanie przez Pana\/Pani\u0105 danych osobowych jest wymogiem zawarcia umowy.<br>Jest Pan\/Pani zobowi\u0105zany\/a do ich podania, a konsekwencj\u0105 niepodania danych osobowych b\u0119dzie niemo\u017cliwo\u015b\u0107 przes\u0142ania informacji lub zawarcia umowy handlowej.<\/li>\n<\/ol>\n","protected":false},"excerpt":{"rendered":"<p>Polityka bezpiecze\u0144stwa Klauzula informacyjna<\/p>\n","protected":false},"author":1,"featured_media":0,"parent":0,"menu_order":0,"comment_status":"closed","ping_status":"closed","template":"","meta":{"footnotes":""},"class_list":["post-730","page","type-page","status-publish","hentry"],"_links":{"self":[{"href":"https:\/\/arspolona.com.pl\/index.php?rest_route=\/wp\/v2\/pages\/730","targetHints":{"allow":["GET"]}}],"collection":[{"href":"https:\/\/arspolona.com.pl\/index.php?rest_route=\/wp\/v2\/pages"}],"about":[{"href":"https:\/\/arspolona.com.pl\/index.php?rest_route=\/wp\/v2\/types\/page"}],"author":[{"embeddable":true,"href":"https:\/\/arspolona.com.pl\/index.php?rest_route=\/wp\/v2\/users\/1"}],"replies":[{"embeddable":true,"href":"https:\/\/arspolona.com.pl\/index.php?rest_route=%2Fwp%2Fv2%2Fcomments&post=730"}],"version-history":[{"count":3,"href":"https:\/\/arspolona.com.pl\/index.php?rest_route=\/wp\/v2\/pages\/730\/revisions"}],"predecessor-version":[{"id":1136,"href":"https:\/\/arspolona.com.pl\/index.php?rest_route=\/wp\/v2\/pages\/730\/revisions\/1136"}],"wp:attachment":[{"href":"https:\/\/arspolona.com.pl\/index.php?rest_route=%2Fwp%2Fv2%2Fmedia&parent=730"}],"curies":[{"name":"wp","href":"https:\/\/api.w.org\/{rel}","templated":true}]}}