{"id":824,"date":"2022-04-20T08:29:15","date_gmt":"2022-04-20T06:29:15","guid":{"rendered":"http:\/\/nowa.arspolona.com.pl\/?page_id=824"},"modified":"2023-11-24T13:12:07","modified_gmt":"2023-11-24T12:12:07","slug":"info","status":"publish","type":"page","link":"https:\/\/arspolona.com.pl\/?page_id=824","title":{"rendered":"Informacje dla Akcjonariuszy"},"content":{"rendered":"\n<div class=\"wp-block-buttons is-layout-flex wp-block-buttons-is-layout-flex\"><\/div>\n\n\n\n<div class=\"wp-block-group\"><div class=\"wp-block-group__inner-container is-layout-flow wp-block-group-is-layout-flow\">\n<hr class=\"wp-block-separator has-text-color has-css-opacity has-background is-style-wide\" style=\"background-color:#006633;color:#006633\"\/>\n\n\n\n<div class=\"wp-block-group\"><div class=\"wp-block-group__inner-container is-layout-flow wp-block-group-is-layout-flow\">\n<div style=\"height:16px\" aria-hidden=\"true\" class=\"wp-block-spacer\"><\/div>\n\n\n\n<p><strong>Protok\u00f3\u0142 NWZA z dnia 23 wrze\u015bnia 2021 roku.<\/strong><\/p>\n<\/div><\/div>\n\n\n\n<div class=\"wp-block-outermost-icon-block alignleft items-justified-undefined\"><div class=\"icon-container has-icon-color has-background-color has-vivid-cyan-blue-background-color\" style=\"color:#ffffff;width:28px\"><svg xmlns=\"http:\/\/www.w3.org\/2000\/svg\" viewbox=\"0 0 24 24\" role=\"img\" aria-hidden=\"true\"><path d=\"M18 11.3l-1-1.1-4 4V3h-1.5v11.3L7 10.2l-1 1.1 6.2 5.8 5.8-5.8zm.5 3.7v3.5h-13V15H4v5h16v-5h-1.5z\"><\/path><\/svg><\/div><\/div>\n\n\n\n<div class=\"wp-block-file\"><a id=\"wp-block-file--media-3d2f5277-2d79-45e4-bb0a-047439ff59a7\" href=\"http:\/\/nowa.arspolona.com.pl\/wp-content\/uploads\/2022\/04\/Protokol-z-NWZ-z-23-09-2021.pdf\"><strong>Protokol z NWZA z 23.09.2021<\/strong><\/a><a href=\"http:\/\/nowa.arspolona.com.pl\/wp-content\/uploads\/2022\/04\/Protokol-z-NWZ-z-23-09-2021.pdf\" class=\"wp-block-file__button wp-element-button\" download aria-describedby=\"wp-block-file--media-3d2f5277-2d79-45e4-bb0a-047439ff59a7\">Pobierz<\/a><\/div>\n\n\n\n<div style=\"height:15px\" aria-hidden=\"true\" class=\"wp-block-spacer\"><\/div>\n\n\n\n<p><strong>Zwo\u0142anie  NWZA na dzie\u0144 23 wrze\u015bnia 2021 roku<\/strong><\/p>\n\n\n\n<div class=\"wp-block-outermost-icon-block alignleft items-justified-undefined\"><div class=\"icon-container has-icon-color has-background-color has-vivid-cyan-blue-background-color\" style=\"color:#ffffff;width:28px\"><svg xmlns=\"http:\/\/www.w3.org\/2000\/svg\" viewbox=\"0 0 24 24\" aria-label=\"Protok\u00f3\u0142\" role=\"img\" aria-hidden=\"true\"><path d=\"M18 11.3l-1-1.1-4 4V3h-1.5v11.3L7 10.2l-1 1.1 6.2 5.8 5.8-5.8zm.5 3.7v3.5h-13V15H4v5h16v-5h-1.5z\"><\/path><\/svg><\/div><\/div>\n\n\n\n<section class=\"wp-block-group\"><div class=\"wp-block-group__inner-container is-layout-flow wp-block-group-is-layout-flow\">\n<div class=\"wp-block-file\"><a id=\"wp-block-file--media-0e50b109-c2fb-4309-9191-7132d8c67426\" href=\"http:\/\/nowa.arspolona.com.pl\/wp-content\/uploads\/2022\/04\/Zwolanie-NWZA-23-09-2021-1.pdf\" target=\"_blank\" rel=\"noreferrer noopener\"><strong>Zwolanie NWZA 23.09.2021<\/strong><\/a><a href=\"http:\/\/nowa.arspolona.com.pl\/wp-content\/uploads\/2022\/04\/Zwolanie-NWZA-23-09-2021-1.pdf\" class=\"wp-block-file__button wp-element-button\" download aria-describedby=\"wp-block-file--media-0e50b109-c2fb-4309-9191-7132d8c67426\">Pobierz<\/a><\/div>\n\n\n\n<hr class=\"wp-block-separator has-text-color has-vivid-red-color has-css-opacity has-vivid-red-background-color has-background aligncenter is-style-default\"\/>\n\n\n\n<div style=\"height:27px\" aria-hidden=\"true\" class=\"wp-block-spacer\"><\/div>\n\n\n\n<p><\/p>\n\n\n\n<p><strong>Wezwanie Akcjonariuszy do z\u0142o\u017cenia dokument\u00f3w akcji niezdematerializowanych z dnia 30 wrze\u015bnia 2020 roku.<\/strong><\/p>\n\n\n\n<div class=\"wp-block-columns is-layout-flex wp-container-core-columns-is-layout-9d6595d7 wp-block-columns-is-layout-flex\">\n<div class=\"wp-block-column is-layout-flow wp-block-column-is-layout-flow\" style=\"flex-basis:30px\">\n<div class=\"wp-block-outermost-icon-block\"><div class=\"icon-container has-icon-color has-icon-background-color has-vivid-green-cyan-background-color has-white-color\" style=\"background-color:#00d084;color:#ffffff;width:48px\"><svg xmlns=\"http:\/\/www.w3.org\/2000\/svg\" viewBox=\"0 0 24 24\" role=\"img\" aria-hidden=\"true\"><path d=\"M18 11.3l-1-1.1-4 4V3h-1.5v11.3L7 10.2l-1 1.1 6.2 5.8 5.8-5.8zm.5 3.7v3.5h-13V15H4v5h16v-5h-1.5z\"><\/path><\/svg><\/div><\/div>\n<\/div>\n\n\n\n<div class=\"wp-block-column is-layout-flow wp-block-column-is-layout-flow\" style=\"flex-basis:100%\">\n<div class=\"wp-block-file\"><a href=\"https:\/\/arspolona.com.pl\/wp-content\/uploads\/2022\/03\/Wezwanie_Akcjonariuszy_30_09_2020461_77972.pdf\" target=\"_blank\" rel=\"noreferrer noopener\"><strong>Wezwanie Akcjonariuszy z dnia 30.09.2020<\/strong><\/a><\/div>\n<\/div>\n<\/div>\n<\/div><\/section>\n\n\n\n<section class=\"wp-block-group\"><div class=\"wp-block-group__inner-container is-layout-flow wp-block-group-is-layout-flow\">\n<p><strong>Protok\u00f3\u0142 z NWZA z dnia 29 wrze\u015bnia 2020 roku.<\/strong><\/p>\n\n\n\n<div class=\"wp-block-columns is-layout-flex wp-container-core-columns-is-layout-9d6595d7 wp-block-columns-is-layout-flex\">\n<div class=\"wp-block-column is-layout-flow wp-block-column-is-layout-flow\" style=\"flex-basis:30px\">\n<div class=\"wp-block-outermost-icon-block\"><div class=\"icon-container has-icon-color has-icon-background-color has-vivid-green-cyan-background-color has-white-color\" style=\"background-color:#00d084;color:#ffffff;width:48px\"><svg xmlns=\"http:\/\/www.w3.org\/2000\/svg\" viewBox=\"0 0 24 24\" role=\"img\" aria-hidden=\"true\"><path d=\"M18 11.3l-1-1.1-4 4V3h-1.5v11.3L7 10.2l-1 1.1 6.2 5.8 5.8-5.8zm.5 3.7v3.5h-13V15H4v5h16v-5h-1.5z\"><\/path><\/svg><\/div><\/div>\n<\/div>\n\n\n\n<div class=\"wp-block-column is-vertically-aligned-center is-layout-flow wp-block-column-is-layout-flow\" style=\"flex-basis:100%\">\n<div class=\"wp-block-file\"><a href=\"https:\/\/arspolona.com.pl\/wp-content\/uploads\/2022\/03\/Akt_Notarialny_-_protokol_z_WZA_29_09_2020460_87084.pdf\" target=\"_blank\" rel=\"noreferrer noopener\"><strong>Protok\u00f3\u0142 z NWZA z dnia 29.09.2020<\/strong><\/a><\/div>\n<\/div>\n<\/div>\n<\/div><\/section>\n\n\n\n<section class=\"wp-block-group\"><div class=\"wp-block-group__inner-container is-layout-flow wp-block-group-is-layout-flow\">\n<p><strong>Zwo\u0142anie NWZA na dzie\u0144 29 wrze\u015bnia 2020 roku<\/strong>.<\/p>\n\n\n\n<div class=\"wp-block-columns is-layout-flex wp-container-core-columns-is-layout-9d6595d7 wp-block-columns-is-layout-flex\">\n<div class=\"wp-block-column is-layout-flow wp-block-column-is-layout-flow\" style=\"flex-basis:30px\">\n<div class=\"wp-block-outermost-icon-block items-justified-undefined\"><div class=\"icon-container has-icon-color has-icon-background-color has-vivid-green-cyan-background-color has-white-color\" style=\"background-color:#00d084;color:#ffffff;width:48px\"><svg xmlns=\"http:\/\/www.w3.org\/2000\/svg\" viewBox=\"0 0 24 24\" role=\"img\" aria-hidden=\"true\"><path d=\"M18 11.3l-1-1.1-4 4V3h-1.5v11.3L7 10.2l-1 1.1 6.2 5.8 5.8-5.8zm.5 3.7v3.5h-13V15H4v5h16v-5h-1.5z\"><\/path><\/svg><\/div><\/div>\n<\/div>\n\n\n\n<div class=\"wp-block-column is-layout-flow wp-block-column-is-layout-flow\" style=\"flex-basis:100%\">\n<p><a href=\"https:\/\/arspolona.com.pl\/wp-content\/uploads\/2023\/11\/Zwolanie_WZA_29_09_2020459_142049.pdf\" target=\"_blank\" rel=\"noreferrer noopener\"><strong>Zwo\u0142anie NWZA na dzie\u0144 29.09.2020<\/strong><\/a><\/p>\n<\/div>\n<\/div>\n<\/div><\/section>\n\n\n\n<div style=\"height:20px\" aria-hidden=\"true\" class=\"wp-block-spacer\"><\/div>\n\n\n\n<hr class=\"wp-block-separator has-text-color has-css-opacity has-background is-style-wide\" style=\"background-color:#006633;color:#006633\"\/>\n\n\n\n<section class=\"wp-block-group\"><div class=\"wp-block-group__inner-container is-layout-flow wp-block-group-is-layout-flow\">\n<div class=\"wp-block-columns is-layout-flex wp-container-core-columns-is-layout-9d6595d7 wp-block-columns-is-layout-flex\">\n<div class=\"wp-block-column is-layout-flow wp-block-column-is-layout-flow\" style=\"flex-basis:100%\"><\/div>\n<\/div>\n<\/div><\/section>\n<\/div><\/div>\n","protected":false},"excerpt":{"rendered":"<p>Protok\u00f3\u0142 NWZA z dnia 23 wrze\u015bnia 2021 roku. Zwo\u0142anie NWZA na dzie\u0144 23 wrze\u015bnia 2021 roku Wezwanie Akcjonariuszy do z\u0142o\u017cenia dokument\u00f3w akcji niezdematerializowanych z dnia 30 wrze\u015bnia 2020 roku. Wezwanie Akcjonariuszy z dnia 30.09.2020 Protok\u00f3\u0142 z NWZA z dnia 29 wrze\u015bnia 2020 roku. Protok\u00f3\u0142 z NWZA z dnia 29.09.2020 Zwo\u0142anie NWZA na dzie\u0144 29 wrze\u015bnia 2020 roku. Zwo\u0142anie NWZA na dzie\u0144 29.09.2020<\/p>\n","protected":false},"author":1,"featured_media":0,"parent":24,"menu_order":0,"comment_status":"closed","ping_status":"closed","template":"","meta":{"footnotes":""},"class_list":["post-824","page","type-page","status-publish","hentry"],"_links":{"self":[{"href":"https:\/\/arspolona.com.pl\/index.php?rest_route=\/wp\/v2\/pages\/824","targetHints":{"allow":["GET"]}}],"collection":[{"href":"https:\/\/arspolona.com.pl\/index.php?rest_route=\/wp\/v2\/pages"}],"about":[{"href":"https:\/\/arspolona.com.pl\/index.php?rest_route=\/wp\/v2\/types\/page"}],"author":[{"embeddable":true,"href":"https:\/\/arspolona.com.pl\/index.php?rest_route=\/wp\/v2\/users\/1"}],"replies":[{"embeddable":true,"href":"https:\/\/arspolona.com.pl\/index.php?rest_route=%2Fwp%2Fv2%2Fcomments&post=824"}],"version-history":[{"count":34,"href":"https:\/\/arspolona.com.pl\/index.php?rest_route=\/wp\/v2\/pages\/824\/revisions"}],"predecessor-version":[{"id":1173,"href":"https:\/\/arspolona.com.pl\/index.php?rest_route=\/wp\/v2\/pages\/824\/revisions\/1173"}],"up":[{"embeddable":true,"href":"https:\/\/arspolona.com.pl\/index.php?rest_route=\/wp\/v2\/pages\/24"}],"wp:attachment":[{"href":"https:\/\/arspolona.com.pl\/index.php?rest_route=%2Fwp%2Fv2%2Fmedia&parent=824"}],"curies":[{"name":"wp","href":"https:\/\/api.w.org\/{rel}","templated":true}]}}