{"id":869,"date":"2022-04-20T11:48:09","date_gmt":"2022-04-20T09:48:09","guid":{"rendered":"http:\/\/nowa.arspolona.com.pl\/?page_id=869"},"modified":"2023-11-27T12:39:18","modified_gmt":"2023-11-27T11:39:18","slug":"dane-firmy","status":"publish","type":"page","link":"https:\/\/arspolona.com.pl\/?page_id=869","title":{"rendered":"Dane firmy"},"content":{"rendered":"\n<div class=\"wp-block-group\"><div class=\"wp-block-group__inner-container is-layout-flow wp-block-group-is-layout-flow\">\n<div style=\"height:20px\" aria-hidden=\"true\" class=\"wp-block-spacer\"><\/div>\n\n\n\n<h2 class=\"wp-block-heading has-medium-font-size\"><strong>Dane Sp\u00f3\u0142ki CHZ ARS POLONA S.A.<\/strong><\/h2>\n\n\n\n<hr class=\"wp-block-separator has-text-color has-css-opacity has-background is-style-wide\" style=\"background-color:#006633;color:#006633\"\/>\n\n\n\n<div style=\"height:20px\" aria-hidden=\"true\" class=\"wp-block-spacer\"><\/div>\n\n\n\n<p><strong>Centrala Handlu Zagranicznego ARS POLONA S.A.<\/strong><\/p>\n\n\n\n<p><strong>Adres siedziby sp\u00f3\u0142ki:<\/strong> 03-933 Warszawa, ul. Obro\u0144c\u00f3w 25<br><strong>NIP:<\/strong> 5251700016<br><strong>Regon:<\/strong> 010852882<br><strong>KRS:<\/strong> 0000043860 aktualny dokument na <a rel=\"noreferrer noopener\" href=\"https:\/\/ekrs.ms.gov.pl\" target=\"_blank\">https:\/\/ekrs.ms.gov.pl<\/a> <br><strong>S\u0105d Rejestrowy:<\/strong> S\u0105d Rejonowy dla m.st. Warszawy XIII Wydzia\u0142 Gospodarczy KRS<br><strong>Wysoko\u015b\u0107 kapita\u0142u zak\u0142adowego:<\/strong> 447150 PLN<br><strong>Wysoko\u015b\u0107 kapita\u0142u wp\u0142aconego:<\/strong> 447150 PLN<\/p>\n\n\n\n<section class=\"wp-block-group\"><div class=\"wp-block-group__inner-container is-layout-flow wp-block-group-is-layout-flow\">\n<p><strong>Za\u0142\u0105czniki i formularze:<\/strong><\/p>\n\n\n\n<div class=\"wp-block-columns is-layout-flex wp-container-core-columns-is-layout-9d6595d7 wp-block-columns-is-layout-flex\"><\/div>\n\n\n\n<div class=\"wp-block-columns is-layout-flex wp-container-core-columns-is-layout-9d6595d7 wp-block-columns-is-layout-flex\">\n<div class=\"wp-block-column is-layout-flow wp-block-column-is-layout-flow\" style=\"flex-basis:30px\">\n<div class=\"wp-block-outermost-icon-block items-justified-undefined\"><div class=\"icon-container\" style=\"width:48px\"><svg xmlns=\"http:\/\/www.w3.org\/2000\/svg\" viewBox=\"0 0 24 24\" role=\"img\" aria-hidden=\"true\"><path d=\"M18 11.3l-1-1.1-4 4V3h-1.5v11.3L7 10.2l-1 1.1 6.2 5.8 5.8-5.8zm.5 3.7v3.5h-13V15H4v5h16v-5h-1.5z\"><\/path><\/svg><\/div><\/div>\n<\/div>\n\n\n\n<div class=\"wp-block-column is-layout-flow wp-block-column-is-layout-flow\" style=\"flex-basis:100%\">\n<div class=\"wp-block-file\"><a href=\"https:\/\/arspolona.com.pl\/wp-content\/uploads\/2022\/03\/Statut_tekst_jednolity_na_dzien_10_09_2019__2451_136270.pdf\" target=\"_blank\" rel=\"noreferrer noopener\"><strong>Statut Sp\u00f3\u0142ki tekst jednolity na dzie\u0144 10.09.2019 r.<\/strong><\/a><\/div>\n<\/div>\n<\/div>\n<\/div><\/section>\n<\/div><\/div>\n","protected":false},"excerpt":{"rendered":"<p>Dane Sp\u00f3\u0142ki CHZ ARS POLONA S.A. Centrala Handlu Zagranicznego ARS POLONA S.A. Adres siedziby sp\u00f3\u0142ki: 03-933 Warszawa, ul. Obro\u0144c\u00f3w 25NIP: 5251700016Regon: 010852882KRS: 0000043860 aktualny dokument na https:\/\/ekrs.ms.gov.pl S\u0105d Rejestrowy: S\u0105d Rejonowy dla m.st. Warszawy XIII Wydzia\u0142 Gospodarczy KRSWysoko\u015b\u0107 kapita\u0142u zak\u0142adowego: 447150 PLNWysoko\u015b\u0107 kapita\u0142u wp\u0142aconego: 447150 PLN Za\u0142\u0105czniki i formularze: Statut Sp\u00f3\u0142ki tekst jednolity na dzie\u0144 10.09.2019 r.<\/p>\n","protected":false},"author":1,"featured_media":0,"parent":0,"menu_order":0,"comment_status":"closed","ping_status":"closed","template":"","meta":{"footnotes":""},"class_list":["post-869","page","type-page","status-publish","hentry"],"_links":{"self":[{"href":"https:\/\/arspolona.com.pl\/index.php?rest_route=\/wp\/v2\/pages\/869","targetHints":{"allow":["GET"]}}],"collection":[{"href":"https:\/\/arspolona.com.pl\/index.php?rest_route=\/wp\/v2\/pages"}],"about":[{"href":"https:\/\/arspolona.com.pl\/index.php?rest_route=\/wp\/v2\/types\/page"}],"author":[{"embeddable":true,"href":"https:\/\/arspolona.com.pl\/index.php?rest_route=\/wp\/v2\/users\/1"}],"replies":[{"embeddable":true,"href":"https:\/\/arspolona.com.pl\/index.php?rest_route=%2Fwp%2Fv2%2Fcomments&post=869"}],"version-history":[{"count":10,"href":"https:\/\/arspolona.com.pl\/index.php?rest_route=\/wp\/v2\/pages\/869\/revisions"}],"predecessor-version":[{"id":1179,"href":"https:\/\/arspolona.com.pl\/index.php?rest_route=\/wp\/v2\/pages\/869\/revisions\/1179"}],"wp:attachment":[{"href":"https:\/\/arspolona.com.pl\/index.php?rest_route=%2Fwp%2Fv2%2Fmedia&parent=869"}],"curies":[{"name":"wp","href":"https:\/\/api.w.org\/{rel}","templated":true}]}}